{"id":114,"date":"2016-03-22T19:09:53","date_gmt":"2016-03-22T22:09:53","guid":{"rendered":"https:\/\/periodoncia.com.ar\/2016\/?page_id=114"},"modified":"2022-10-25T03:02:23","modified_gmt":"2022-10-25T06:02:23","slug":"periodontitis-cronica","status":"publish","type":"page","link":"https:\/\/periodoncia.com.ar\/2016\/periodontitis-cronica\/","title":{"rendered":"Periodontitis cr\u00f3nica"},"content":{"rendered":"<div id=\"dslc-theme-content\"><div id=\"dslc-theme-content-inner\"><div class=\"wpb-content-wrapper\"><p>[vc_row][vc_column][vc_empty_space height=\"96\"][vc_column_text]<\/p>\n<h2><span style=\"color: #1ac1b3;\"><strong>PERIODONTITIS CR\u00d3NICA<\/strong><\/span><\/h2>\n<p>[\/vc_column_text][vc_empty_space height=\"24\"][vc_column_text]<\/p>\n<h3><strong>Periodontitis del Adulto<\/strong><\/h3>\n<p>[\/vc_column_text][\/vc_column][\/vc_row][vc_row el_id=\"Periodontitis del Adulto\"][vc_column width=\"1\/2\"][vc_column_text css_animation=\"top-to-bottom\"]<\/p>\n<h4>La Periodontitis del Adulto (PA) es la forma m\u00e1s com\u00fan entre todas las periodontitis.<br \/>\nSu prevalencia al parecer es alta, no obstante, se necesitan estudios actualizados<br \/>\nal respecto para soportar dicha aseveraci\u00f3n<\/h4>\n<h4>Seg\u00fan la AAP la PA se caracteriza generalmente por una edad inicio entre los 30 y 35 a\u00f1os. No obstante este aspecto, cabe destacar que una PA puede tener un inicio antes de esta edad y presentar una expresi\u00f3n cl\u00ednica significativa en la tercera d\u00e9cada o posterior a ella. Esta expresi\u00f3n no depende de anormalidades sist\u00e9micas pero si puede ser modificada por la coexistencia de factores sist\u00e9micos en su evoluci\u00f3n.<\/h4>\n<h4>Se observa la presencia de factores locales que facilitan la acumulaci\u00f3n de dep\u00f3sitos de placa bacteriana y se debe entender esta enfermedad como una consecuencia de factores medioambientales locales constituidos por una asociaci\u00f3n de flora bacteriana y factores retentivos para estas bacterias y un hospedero susceptible.<\/h4>\n<h4>Puede presentar p\u00e9rdida \u00f3sea generalizada o localizada pero de un patr\u00f3n distinto a la Perioddntitis Juvenil y no se evidencia una progresi\u00f3n r\u00e1pida de la enfermedad. No se observa alteraciones en la funci\u00f3n de los leucocitos ni predisposici\u00f3n a enfermedades sist\u00e9micas.<\/h4>\n<h4>La microbiolog\u00eda de la PA se caracteriza por estar constituida por una flora compleja y mixta de microorganismos tales como: Treponema sp, Prevotella intermedia, Porphyromonas gingivalis, Bacteroides forsythus, Peptostreptococcus micros, Campilobacter rectus, Actinobacillus actinomycetemcomitans,<\/h4>\n<p>[\/vc_column_text][\/vc_column][vc_column width=\"1\/2\"][vc_column_text css_animation=\"top-to-bottom\"]<\/p>\n<h4>Eikenella corrodens, Fusobacterium sp,<br \/>\nSelenomonas sp, Eubacterium sp. Varios pacientes pueden presentar anticuerpos s\u00e9ricos contra algunos pat\u00f3genos como Porphyromonas gingivalis presentes en el saco periodontal.<\/h4>\n<h4>Las caracter\u00edsticas cl\u00ednicas incluyen escasa o nula proliferaci\u00f3n gingival con grados variables de inflamaci\u00f3n cr\u00f3nica. Puede presentar secreci\u00f3n seropurulenta alrededor de algunos dientes. El tejido marginal puede tener una consistencia fibr\u00f3tica en algunos casos y edematosa en otros. No obstante, la fibrosis y otras manifestaciones de inflamaci\u00f3n cr\u00f3nica son frecuentes de observar. Puede presentar recesiones gingivales localizadas o generalizadas.<\/h4>\n<h4>En algunos casos sin tratamiento, la cantidad de placa bacteriana y calculo y de factores de retenci\u00f3n de placa bacteriana guardan relaci\u00f3n con la severidad de la lesiones (ausencia de contactos dentarios, odontolog\u00eda defectuosa, malposici\u00f3n dentaria, ausencia de piezas dentarias, etc.)<\/h4>\n<p>[\/vc_column_text][vc_single_image image=\"454\" img_size=\"392 x 392\" style=\"vc_box_shadow_3d\" css_animation=\"top-to-bottom\"][\/vc_column][\/vc_row][vc_row][vc_column][vc_empty_space height=\"16\"][vc_column_text css_animation=\"top-to-bottom\"]<\/p>\n<h3><em>La PA responde muy bien al tratamiento convencional mec\u00e1nico de remoci\u00f3n de placa bacteriana subgingival y no presenta efectos cl\u00ednicos adicionales cuando se adjunta terapia antibi\u00f3tica<\/em><\/h3>\n<p>[\/vc_column_text][vc_empty_space height=\"16\"][vc_separator border_width=\"2\" el_width=\"70\"][vc_empty_space height=\"16\"][vc_column_text]<\/p>\n<h4><strong>CARACTER\u00cdSTICAS DE LA PERIODONTITIS DEL ADULTO<\/strong><\/h4>\n<p>[\/vc_column_text][\/vc_column][\/vc_row][vc_row el_id=\"CARACTER\u00cdSTICAS DE LA PERIODONTITIS DEL ADULTO\"][vc_column width=\"1\/2\"][vc_column_text css_animation=\"top-to-bottom\"]<\/p>\n<h4>Generalmente se inicia entre los 30 y 35 a\u00f1os de edad.<br \/>\nLa enfermedad no est\u00e1 confinada a los primeros molares e incisivos pero pueden ser las piezas dentarias m\u00e1s com\u00fan y severamente afectadas.<\/h4>\n<h4>No presenta evidencias de r\u00e1pida progresi\u00f3n de la enfermedad.<br \/>\nGeneralmente afecta a varios dientes.<\/h4>\n<h4>Existen condiciones que facilitan el ac\u00famulo de placa bacteriana y su cantidad puede ser consistente con la severidad de las lesiones.<br \/>\nLa extensi\u00f3n y distribuci\u00f3n de la perdida de hueso son altamente variables.<\/h4>\n<h4>Puede observarse patrones verticales como horizontales.<\/h4>\n<p>[\/vc_column_text][\/vc_column][vc_column width=\"1\/2\"][vc_column_text css_animation=\"top-to-bottom\"]<\/p>\n<h4>Generalmente no se observa una inflamaci\u00f3n aguda con proliferaci\u00f3n de la enc\u00eda.<\/h4>\n<h4>La enc\u00eda puede presentarse gruesa y fibr\u00f3tica. responde bien al tratamiento convencional.<br \/>\nNo es necesario tratar con antibi\u00f3ticos adjunto al tratamiento mec\u00e1nico a diferencia de otras formas de Periodontitis.<\/h4>\n<h4>Los pacientes no presentan alteraciones s\u00e9ricas, neutrof\u00edlicas ni en los monocitos.<\/h4>\n<h4>Puede observarse exacerbaciones agudas de destrucci\u00f3n tisular en uno o m\u00e1s sitios<\/h4>\n<p>[\/vc_column_text][\/vc_column][\/vc_row][vc_row][vc_column][vc_empty_space height=\"128\"][\/vc_column][\/vc_row]<\/p>\n<\/div><\/div><\/div>","protected":false},"excerpt":{"rendered":"<p>[vc_row][vc_column][vc_empty_space height=\"96\"][vc_column_text] PERIODONTITIS CR\u00d3NICA [\/vc_column_text][vc_empty_space height=\"24\"][vc_column_text] Periodontitis del Adulto [\/vc_column_text][\/vc_column][\/vc_row][vc_row el_id=\"Periodontitis del Adulto\"][vc_column width=\"1\/2\"][vc_column_text css_animation=\"top-to-bottom\"] La Periodontitis del Adulto (PA) es la forma m\u00e1s com\u00fan entre<span class=\"excerpt-hellip\"> [\u2026]<\/span><\/p>\n","protected":false},"author":2,"featured_media":0,"parent":0,"menu_order":0,"comment_status":"closed","ping_status":"closed","template":"","meta":{"footnotes":""},"class_list":["post-114","page","type-page","status-publish","hentry"],"_links":{"self":[{"href":"https:\/\/periodoncia.com.ar\/2016\/wp-json\/wp\/v2\/pages\/114","targetHints":{"allow":["GET"]}}],"collection":[{"href":"https:\/\/periodoncia.com.ar\/2016\/wp-json\/wp\/v2\/pages"}],"about":[{"href":"https:\/\/periodoncia.com.ar\/2016\/wp-json\/wp\/v2\/types\/page"}],"author":[{"embeddable":true,"href":"https:\/\/periodoncia.com.ar\/2016\/wp-json\/wp\/v2\/users\/2"}],"replies":[{"embeddable":true,"href":"https:\/\/periodoncia.com.ar\/2016\/wp-json\/wp\/v2\/comments?post=114"}],"version-history":[{"count":26,"href":"https:\/\/periodoncia.com.ar\/2016\/wp-json\/wp\/v2\/pages\/114\/revisions"}],"predecessor-version":[{"id":740,"href":"https:\/\/periodoncia.com.ar\/2016\/wp-json\/wp\/v2\/pages\/114\/revisions\/740"}],"wp:attachment":[{"href":"https:\/\/periodoncia.com.ar\/2016\/wp-json\/wp\/v2\/media?parent=114"}],"curies":[{"name":"wp","href":"https:\/\/api.w.org\/{rel}","templated":true}]}}