{"id":150,"date":"2016-03-28T18:36:36","date_gmt":"2016-03-28T21:36:36","guid":{"rendered":"https:\/\/periodoncia.com.ar\/2016\/?page_id=150"},"modified":"2022-10-31T16:41:34","modified_gmt":"2022-10-31T19:41:34","slug":"santa-apolonia-2","status":"publish","type":"page","link":"https:\/\/periodoncia.com.ar\/2016\/santa-apolonia-2\/","title":{"rendered":"Santa Apolonia"},"content":{"rendered":"<div id=\"dslc-theme-content\"><div id=\"dslc-theme-content-inner\"><div class=\"wpb-content-wrapper\"><p>[vc_row][vc_column][vc_empty_space height=\"96\"][vc_column_text]<\/p>\n<h2><strong><span style=\"color: #1ac1b3;\">SANTA APOLONIA<\/span> <\/strong><\/h2>\n<p>[\/vc_column_text][vc_empty_space height=\"24\"][vc_column_text]<\/p>\n<h4><strong>Santa Apolonia, Virgen y M\u00e1rtir<\/strong><br \/>\n<strong>Muri\u00f3 en Alexandria (Egipto) en 249 AD<\/strong><br \/>\n<strong>Su fiesta se celebraba el 9 de febrero<\/strong><br \/>\n<strong>en el antiguo calendario lit\u00fargico.<\/strong><\/h4>\n<p>[\/vc_column_text][\/vc_column][\/vc_row][vc_row][vc_column width=\"1\/2\"][vc_column_text]<\/p>\n<h4>Seg\u00fan la tradici\u00f3n, los padres de Apolonia no ten\u00edan decendecia a pesar de sus constantes oraciones a sus dioses. Finalmente la futura madre le pidi\u00f3 a la Virgen Sant\u00edsima que interceda por ellos. Cuando la joven Apolonia conoci\u00f3 las circunstancias de su nacimiento, se hizo cristiana.<br \/>\nSan Dionisio, obispo de Alejandr\u00eda, fue testigo de la muerte de Apolonia quien era para entonces una diaconesa de edad avanzada. La describi\u00f3 en una carta a Fabio que fue preservada por Eusebio, obispo de Antioqu\u00eda.<\/h4>\n<h4>Estall\u00f3 una persecuci\u00f3n de los cristianos por el populacho pagano de Alejandr\u00eda en el \u00faltimo a\u00f1o del reino del emperador Felipe. Los cristianos eran arrastrados fuera de sus casas y asesinados, sus propiedades saqueadas.\u00a0 La persecuci\u00f3n comenz\u00f3 cuando un poeta de Alejandr\u00eda profetiz\u00f3 desastre por la presencia de los cristianos a los que consideraba imp\u00edos por no adorar a los dioses.<\/h4>\n<h4>Se apoderaron de Apolonia\u00a0 y la golpearon en la cara, le tiraron todos los dientes, y despu\u00e9s, prendiendo una gran hoguera fuera de la ciudad, la amenazaron con arrojarla dentro si no pronunciaba ciertas palabras imp\u00edas.\u00a0 Les rog\u00f3 que le dieran unos momentos de tregua, como si fuera a considerar su posici\u00f3n. Entonces, para dar testimonio de que su sacrificio era perfectamente voluntario, tan pronto como la dejaron libre, se lanz\u00f3 dentro de las llamas.<\/h4>\n<h4>Los perseguidores junto al gobernador quedaron at\u00f3nitos al ver que a pesar del fuego, las llamas no la consum\u00edan ni le hac\u00edan da\u00f1o alguno, al verlo trataron incansablemente de golpearla para que muriera, pero la mano del Alt\u00edsimo la proteg\u00eda. Finalmente fue degollada.<\/h4>\n<p>[\/vc_column_text][\/vc_column][vc_column width=\"1\/2\"][vc_column_text]<\/p>\n<h4>A pesar que la Santa era de oriente, la iglesia occidental es quien la venera, no as\u00ed la iglesia de oriente, ya que interpretan el acto de valent\u00eda de Santa Apolonia como un acto suicida. Pero es San Agust\u00edn qui\u00e9n nos explica a\u00f1os m\u00e1s tarde, que se trat\u00f3 de un acto invocado por el Esp\u00edritu Santo lo que llev\u00f3 a esta Santa a comportarse as\u00ed.<\/h4>\n<h4>Se la invoca contra el dolor de muelas y todas las enfermedades dentales, y se la presenta con un par de pinzas que sostienen un diente o si no, suele distinguirse por un diente de oro pendiente de su collar.<\/h4>\n<p>[\/vc_column_text][vc_single_image image=\"1022\" img_size=\"450\" style=\"vc_box_shadow_3d\" css_animation=\"bottom-to-top\"][\/vc_column][\/vc_row][vc_row][vc_column][vc_empty_space height=\"128\"][\/vc_column][\/vc_row]<\/p>\n<\/div><\/div><\/div>","protected":false},"excerpt":{"rendered":"<p>[vc_row][vc_column][vc_empty_space height=\"96\"][vc_column_text] SANTA APOLONIA [\/vc_column_text][vc_empty_space height=\"24\"][vc_column_text] Santa Apolonia, Virgen y M\u00e1rtir Muri\u00f3 en Alexandria (Egipto) en 249 AD Su fiesta se celebraba el 9 de febrero<span class=\"excerpt-hellip\"> [\u2026]<\/span><\/p>\n","protected":false},"author":2,"featured_media":0,"parent":0,"menu_order":0,"comment_status":"closed","ping_status":"closed","template":"","meta":{"footnotes":""},"class_list":["post-150","page","type-page","status-publish","hentry"],"_links":{"self":[{"href":"https:\/\/periodoncia.com.ar\/2016\/wp-json\/wp\/v2\/pages\/150","targetHints":{"allow":["GET"]}}],"collection":[{"href":"https:\/\/periodoncia.com.ar\/2016\/wp-json\/wp\/v2\/pages"}],"about":[{"href":"https:\/\/periodoncia.com.ar\/2016\/wp-json\/wp\/v2\/types\/page"}],"author":[{"embeddable":true,"href":"https:\/\/periodoncia.com.ar\/2016\/wp-json\/wp\/v2\/users\/2"}],"replies":[{"embeddable":true,"href":"https:\/\/periodoncia.com.ar\/2016\/wp-json\/wp\/v2\/comments?post=150"}],"version-history":[{"count":22,"href":"https:\/\/periodoncia.com.ar\/2016\/wp-json\/wp\/v2\/pages\/150\/revisions"}],"predecessor-version":[{"id":1032,"href":"https:\/\/periodoncia.com.ar\/2016\/wp-json\/wp\/v2\/pages\/150\/revisions\/1032"}],"wp:attachment":[{"href":"https:\/\/periodoncia.com.ar\/2016\/wp-json\/wp\/v2\/media?parent=150"}],"curies":[{"name":"wp","href":"https:\/\/api.w.org\/{rel}","templated":true}]}}