{"id":279,"date":"2016-07-31T23:44:06","date_gmt":"2016-08-01T02:44:06","guid":{"rendered":"https:\/\/periodoncia.com.ar\/2016\/?page_id=279"},"modified":"2022-10-25T01:58:42","modified_gmt":"2022-10-25T04:58:42","slug":"tratamiento-periodontal","status":"publish","type":"page","link":"https:\/\/periodoncia.com.ar\/2016\/tratamiento-periodontal\/","title":{"rendered":"Tratamiento periodontal"},"content":{"rendered":"<div id=\"dslc-theme-content\"><div id=\"dslc-theme-content-inner\"><div class=\"wpb-content-wrapper\"><p>[vc_row][vc_column][vc_empty_space height=\"96\"][vc_column_text]<\/p>\n<h2><span style=\"color: #1ac1b3;\"><strong>TRATAMIENTO PERIODONTAL<\/strong><\/span><\/h2>\n<p>[\/vc_column_text][vc_empty_space height=\"24\"][vc_column_text]<\/p>\n<h3><strong>\u00bfC\u00f3mo se trata la enfermedad de las enc\u00edas?<\/strong><\/h3>\n<p>[\/vc_column_text][\/vc_column][\/vc_row][vc_row el_id=\"\u00bfC\u00f3mo se trata la enfermedad de las enc\u00edas?\"][vc_column width=\"1\/2\"][vc_column_text css_animation=\"top-to-bottom\"]<\/p>\n<h4>La meta principal del tratamiento es controlar la infecci\u00f3n. El n\u00famero y tipos de tratamiento variar\u00e1n dependiendo de la gravedad de la enfermedad. Todo tipo de tratamiento exige que el paciente cuide a diario sus dientes; aun despu\u00e9s que el<\/h4>\n<p>[\/vc_column_text][\/vc_column][vc_column width=\"1\/2\"][vc_column_text css_animation=\"top-to-bottom\"]<\/p>\n<h4>tratamiento finalice. Adem\u00e1s, tal vez el especialista sugiera modificar ciertos comportamientos, por ejemplo, dejar de fumar, como una forma de mejorar los resultados del tratamiento.<\/h4>\n<p>[\/vc_column_text][\/vc_column][\/vc_row][vc_row][vc_column][vc_empty_space height=\"16\"][vc_separator border_width=\"2\" el_width=\"70\"][vc_empty_space height=\"16\"][vc_column_text]<\/p>\n<h3><strong>Limpieza profunda (raspado y alisado de la ra\u00edz)<\/strong><\/h3>\n<p>[\/vc_column_text][\/vc_column][\/vc_row][vc_row el_id=\"Limpieza profunda\"][vc_column width=\"1\/2\"][vc_column_text css_animation=\"top-to-bottom\"]<\/p>\n<h4>El dentista, el periodoncista o la higienista dental remueve la placa por medio de un m\u00e9todo de limpieza profunda que consiste en el raspado y el alisado de las ra\u00edces. El raspado consiste en remover el sarro que se haya depositado por encima y por debajo de la l\u00ednea de las enc\u00edas. Mediante el alisado de la ra\u00edz se eliminan los puntos rugosos que haya en la ra\u00edz del diente donde se acumulan los g\u00e9rmenes. Esto ayuda a quitar las bacterias que favorecen la enfermedad<\/h4>\n<p>[\/vc_column_text][\/vc_column][vc_column width=\"1\/2\"][vc_single_image image=\"358\" img_size=\"392 x 219\" style=\"vc_box_shadow_3d\" css_animation=\"top-to-bottom\"][\/vc_column][\/vc_row][vc_row][vc_column][vc_empty_space height=\"16\"][vc_separator border_width=\"2\" el_width=\"70\"][vc_empty_space height=\"16\"][vc_column_text]<\/p>\n<h3><strong>Tratamientos quir\u00fargicos<\/strong><\/h3>\n<p>[\/vc_column_text][\/vc_column][\/vc_row][vc_row el_id=\"Tratamientos quir\u00fargicos\"][vc_column width=\"1\/2\"][vc_column_text css_animation=\"top-to-bottom\"]<\/p>\n<h4>Cirug\u00eda de las enc\u00edas. La cirug\u00eda tal vez sea necesaria si persisten la inflamaci\u00f3n y las bolsas profundas a pesar del tratamiento con limpieza profunda y medicamentos. Un periodoncista podr\u00e1 efectuar una cirug\u00eda de las enc\u00edas para remover los dep\u00f3sitos de sarro de las bolsas profundas o para reducir la bolsa periodontal; as\u00ed le ser\u00e1 m\u00e1s f\u00e1cil al paciente, al dentista y al higienista dental mantener limpia esa parte de la boca. Esta cirug\u00eda com\u00fan consiste en levantar las enc\u00edas y remover el sarro. Luego, las enc\u00edas se vuelven a poner en su lugar y se cosen de tal forma que el tejido se ajuste otra vez al diente.<\/h4>\n<p>[\/vc_column_text][\/vc_column][vc_column width=\"1\/2\"][vc_single_image image=\"368\" img_size=\"392 x 219\" style=\"vc_box_shadow_3d\" css_animation=\"top-to-bottom\"][\/vc_column][\/vc_row][vc_row][vc_column][vc_empty_space height=\"16\"][vc_separator border_width=\"2\" el_width=\"70\"][vc_empty_space height=\"16\"][vc_column_text]<\/p>\n<h3><strong>Injertos de tejido y hueso<\/strong><\/h3>\n<p>[\/vc_column_text][\/vc_column][\/vc_row][vc_row el_id=\"Injertos de tejido y hueso\"][vc_column width=\"1\/2\"][vc_column_text css_animation=\"top-to-bottom\"]<\/p>\n<h4>Adem\u00e1s de la cirug\u00eda de las enc\u00edas, el periodoncista quiz\u00e1s recomiende un injerto de hueso o de tejido. Un injerto de hueso o tejido es una forma de reemplazar el hueso o el tejido de las enc\u00edas destruido por la enfermedad periodontal o favorecer su nuevo crecimiento. Una t\u00e9cnica que puede utilizarse con los injertos de hueso se llama regeneraci\u00f3n guiada, en la cual un trozo peque\u00f1o de una tela similar a una malla se inserta entre el hueso y el tejido de las enc\u00edas. Esto impide que el tejido de la enc\u00eda crezca en el lugar donde deber\u00eda estar el hueso, lo que permite que el hueso y el tejido conjuntivo vuelvan a crecer.<br \/>\nDebido a que cada caso es diferente, no es posible predecir con certeza cu\u00e1les injertos dar\u00e1n resultados a largo plazo.<br \/>\nLos resultados de los tratamientos depender\u00e1n de muchas cosas, entre ellas, la gravedad de la enfermedad, la habilidad para mantener la higiene bucal en casa, y ciertos factores de riesgo,<br \/>\ntales como el h\u00e1bito del cigarrillo, que pueden disminuir las posibilidades de \u00e9xito. Pregunte a su dentista cu\u00e1l puede ser el grado de \u00e9xito en su caso particular.<\/h4>\n<p>[\/vc_column_text][\/vc_column][vc_column width=\"1\/2\"][vc_column_text css_animation=\"top-to-bottom\"]<\/p>\n<h4>Los resultados de los tratamientos depender\u00e1n de muchas cosas, entre ellas, la gravedad de la enfermedad, la habilidad para mantener la higiene bucal en casa, y ciertos factores de riesgo,<br \/>\ntales como el h\u00e1bito del cigarrillo, que pueden disminuir las posibilidades de \u00e9xito. Pregunte a su dentista cu\u00e1l puede ser el grado de \u00e9xito en su caso particular.<\/h4>\n<p>[\/vc_column_text][vc_single_image image=\"370\" img_size=\"392 x 219\" style=\"vc_box_shadow_3d\" css_animation=\"top-to-bottom\"][\/vc_column][\/vc_row][vc_row][vc_column][vc_empty_space height=\"16\"][vc_separator border_width=\"2\" el_width=\"70\"][vc_empty_space height=\"16\"][vc_column_text]<\/p>\n<h3><strong>Medicamentos<\/strong><\/h3>\n<p>[\/vc_column_text][\/vc_column][\/vc_row][vc_row el_id=\"Medicamentos\"][vc_column width=\"1\/2\"][vc_column_text css_animation=\"top-to-bottom\"]<\/p>\n<h4>Adem\u00e1s del tratamiento, que incluye raspado y alisado de la ra\u00edz, quiz\u00e1s se utilicen medicamentos, pero \u00e9stos no siempre pueden reemplazar la cirug\u00eda. En algunos casos, dependiendo de la gravedad de la enfermedad de las enc\u00edas, el profesional especializado podr\u00e1 recomendar un tratamiento quir\u00fargico. Ser\u00e1 necesario realizar estudios de larga duraci\u00f3n para determinar si el uso de medicamentos reduce la necesidad de la intervenci\u00f3n quir\u00fargica y si estos son eficaces durante per\u00edodos prolongados. A continuaci\u00f3n se citan algunos medicamentos que se usan actualmente<\/h4>\n<h4><strong>Enjuague bucal anitimicrobiano que se vende con receta m\u00e9dica<\/strong><br \/>\nUn enjuague bucal que se vende con receta m\u00e9dica que contiene un agente antimicrobiano llamado clorhexidina<br \/>\nPara controlar las bacterias cuando se est\u00e1 tratando la gingivitis y despu\u00e9s de la cirug\u00eda de las enc\u00edas<br \/>\nSe utiliza como un enjuague bucal corriente<\/h4>\n<h4><strong>\"Chip\" Antis\u00e9ptico<\/strong><br \/>\nUn pedazo muy peque\u00f1o de gelatina relleno con el medicamento clorhexidina<br \/>\nPara controlar las bacterias y reducir el tama\u00f1o de las bolsas periodontales<br \/>\nDespu\u00e9s de que se han alisado las ra\u00edces, el medicamento se coloca en las bolsas, donde es liberado lentamente<\/h4>\n<p>[\/vc_column_text][\/vc_column][vc_column width=\"1\/2\"][vc_column_text css_animation=\"top-to-bottom\"]<\/p>\n<h4><strong>Gel antibi\u00f3tico<\/strong><br \/>\nUn gel que contiene el antibi\u00f3tico doxiciclina<br \/>\nPara controlar las bacterias y reducir el tama\u00f1o de las bolsas periodontales<br \/>\nEl periodoncista lo coloca en las bolsas despu\u00e9s del raspado y el alisado de las ra\u00edces. El antibi\u00f3tico es liberado lentamente durante un per\u00edodo de siete d\u00edas<\/h4>\n<h4><\/h4>\n<h4><strong>Microesferas de antibi\u00f3tico<\/strong><br \/>\nPeque\u00f1\u00edsimas part\u00edculas esf\u00e9ricas que contienen el antibi\u00f3tico minociclina<br \/>\nPara controlar las bacterias y reducir el tama\u00f1o de las bolsas periodontales<br \/>\nEl periodoncista coloca las microesferas en las bolsas despu\u00e9s del raspado y el alisado de las ra\u00edces. Las part\u00edculas liberan lentamente la minociclina<\/h4>\n<h4><\/h4>\n<h4><strong>Supresor de enzimas<\/strong><br \/>\nUna dosis baja del medicamento doxiciclina que mantiene bajo control las enzimas destructoras<br \/>\nPara limitar la respuesta de las enzimas del cuerpo, ya que si no se controlan, ciertas enzimas pueden destruir el tejido de las enc\u00edas.<br \/>\nEl medicamento viene en forma de p\u00edldora. Se utiliza en combinaci\u00f3n con el raspado y el alisado de la ra\u00edz.<\/h4>\n<p>[\/vc_column_text][\/vc_column][\/vc_row][vc_row][vc_column][vc_empty_space height=\"128\"][\/vc_column][\/vc_row]<\/p>\n<\/div><\/div><\/div>","protected":false},"excerpt":{"rendered":"<p>[vc_row][vc_column][vc_empty_space height=\"96\"][vc_column_text] TRATAMIENTO PERIODONTAL [\/vc_column_text][vc_empty_space height=\"24\"][vc_column_text] \u00bfC\u00f3mo se trata la enfermedad de las enc\u00edas? [\/vc_column_text][\/vc_column][\/vc_row][vc_row el_id=\"\u00bfC\u00f3mo se trata la enfermedad de las enc\u00edas?\"][vc_column width=\"1\/2\"][vc_column_text css_animation=\"top-to-bottom\"] La<span class=\"excerpt-hellip\"> [\u2026]<\/span><\/p>\n","protected":false},"author":2,"featured_media":0,"parent":0,"menu_order":0,"comment_status":"closed","ping_status":"closed","template":"","meta":{"footnotes":""},"class_list":["post-279","page","type-page","status-publish","hentry"],"_links":{"self":[{"href":"https:\/\/periodoncia.com.ar\/2016\/wp-json\/wp\/v2\/pages\/279","targetHints":{"allow":["GET"]}}],"collection":[{"href":"https:\/\/periodoncia.com.ar\/2016\/wp-json\/wp\/v2\/pages"}],"about":[{"href":"https:\/\/periodoncia.com.ar\/2016\/wp-json\/wp\/v2\/types\/page"}],"author":[{"embeddable":true,"href":"https:\/\/periodoncia.com.ar\/2016\/wp-json\/wp\/v2\/users\/2"}],"replies":[{"embeddable":true,"href":"https:\/\/periodoncia.com.ar\/2016\/wp-json\/wp\/v2\/comments?post=279"}],"version-history":[{"count":45,"href":"https:\/\/periodoncia.com.ar\/2016\/wp-json\/wp\/v2\/pages\/279\/revisions"}],"predecessor-version":[{"id":699,"href":"https:\/\/periodoncia.com.ar\/2016\/wp-json\/wp\/v2\/pages\/279\/revisions\/699"}],"wp:attachment":[{"href":"https:\/\/periodoncia.com.ar\/2016\/wp-json\/wp\/v2\/media?parent=279"}],"curies":[{"name":"wp","href":"https:\/\/api.w.org\/{rel}","templated":true}]}}