{"id":488,"date":"2016-10-17T16:46:08","date_gmt":"2016-10-17T19:46:08","guid":{"rendered":"https:\/\/periodoncia.com.ar\/2016\/?page_id=488"},"modified":"2022-10-27T18:23:24","modified_gmt":"2022-10-27T21:23:24","slug":"diabetes-y-enfermedad-periodontal","status":"publish","type":"page","link":"https:\/\/periodoncia.com.ar\/2016\/diabetes-y-enfermedad-periodontal\/","title":{"rendered":"Diabetes y enfermedad periodontal"},"content":{"rendered":"<div id=\"dslc-theme-content\"><div id=\"dslc-theme-content-inner\"><div class=\"wpb-content-wrapper\"><p>[vc_row][vc_column][vc_empty_space height=\"96\"][vc_column_text]<\/p>\n<h2><strong><span style=\"color: #1ac1b3;\">Diabetes y \u00a0enfermedad periodontal<\/span><\/strong><\/h2>\n<p>[\/vc_column_text][vc_empty_space height=\"24\"][vc_column_text]<\/p>\n<h4><strong>\u00bfEn qu\u00e9 consisten los problemas de la diabetes?<\/strong><\/h4>\n<p>[\/vc_column_text][\/vc_column][\/vc_row][vc_row el_id=\"\u00bfEn qu\u00e9 consisten los problemas de la diabetes?\"][vc_column width=\"1\/2\"][vc_column_text css_animation=\"top-to-bottom\"]<\/p>\n<h4>Los problemas de la diabetes surgen cuando hay demasiada glucosa (az\u00facar) en la sangre por mucho tiempo. Los niveles altos de glucosa en la sangre (tambi\u00e9n llamado az\u00facar en la sangre) pueden da\u00f1ar muchos \u00f3rganos del cuerpo como el coraz\u00f3n, los vasos sangu\u00edneos, los ojos y los ri\u00f1ones. La enfermedad del coraz\u00f3n y de los vasos sangu\u00edneos puede causar ataques al coraz\u00f3n o derrames cerebrales. Usted puede hacer mucho para prevenir o retrasar los problemas de la diabetes.<\/h4>\n<h4>Este librito contiene informaci\u00f3n sobre los problemas de los dientes y las enc\u00edas causados por la diabetes. Obtendr\u00e1 informaci\u00f3n sobre lo que puede hacer cada d\u00eda y durante cada a\u00f1o para mantenerse sano y prevenir los problemas de la diabetes.<\/h4>\n<p>[\/vc_column_text][\/vc_column][vc_column width=\"1\/2\"][vc_column_text css_animation=\"top-to-bottom\"]<\/p>\n<h4>[Los niveles altos de glucosa en la sangre pueden causar problemas en los dientes y las enc\u00edas.]<\/h4>\n<p>[\/vc_column_text][vc_single_image image=\"495\" img_size=\"392 x 219\" style=\"vc_box_shadow_3d\" css_animation=\"top-to-bottom\"][\/vc_column][\/vc_row][vc_row][vc_column][vc_empty_space height=\"16\"][vc_separator border_width=\"2\" el_width=\"70\"][vc_empty_space height=\"16\"][vc_column_text]<\/p>\n<h4><strong>\u00bfQu\u00e9 debo hacer diariamente para mantenerme sano a pesar de la diabetes?<\/strong><\/h4>\n<p>[\/vc_column_text][\/vc_column][\/vc_row][vc_row el_id=\"\u00bfQu\u00e9 debo hacer diariamente para mantenerme sano a pesar de la diabetes?\"][vc_column width=\"1\/2\"][vc_column_text css_animation=\"top-to-bottom\"]<\/p>\n<ul>\n<li>\n<h4>Siga el plan de comidas saludables que elaboraron usted y su m\u00e9dico o dietista.<\/h4>\n<\/li>\n<li>\n<h4>Realice actividad f\u00edsica durante 30 minutos casi todos los d\u00edas. Pregunte a su m\u00e9dico qu\u00e9 actividades son las mejores para usted.<\/h4>\n<\/li>\n<li>\n<h4>\u00a0Tome sus medicamentos seg\u00fan las indicaciones<\/h4>\n<\/li>\n<li>\n<h4>M\u00eddase los niveles de glucosa en la sangre todos los d\u00edas. Cada vez que lo haga, anote el resultado en la hoja de registro.<\/h4>\n<\/li>\n<\/ul>\n<p>[\/vc_column_text][\/vc_column][vc_column width=\"1\/2\"][vc_column_text css_animation=\"top-to-bottom\"]<\/p>\n<ul>\n<li>\n<h4>Rev\u00edsese los pies diariamente para ver si hay cortaduras, ampollas, llagas, hinchaz\u00f3n, enrojecimiento o si tiene las u\u00f1as doloridas.<\/h4>\n<\/li>\n<li>\n<h4>Cep\u00edllese los dientes y use hilo dental todos los d\u00edas.<\/h4>\n<\/li>\n<li>\n<h4>Controle su presi\u00f3n arterial y colesterol.<\/h4>\n<\/li>\n<li>\n<h4>No fume.<\/h4>\n<\/li>\n<\/ul>\n<p>[\/vc_column_text][\/vc_column][\/vc_row][vc_row][vc_column][vc_empty_space height=\"16\"][vc_separator border_width=\"2\" el_width=\"70\"][vc_empty_space height=\"16\"][vc_column_text]<\/p>\n<h4><strong>\u00bfC\u00f3mo es que la diabetes puede da\u00f1ar los dientes y las enc\u00edas?<\/strong><\/h4>\n<p>[\/vc_column_text][\/vc_column][\/vc_row][vc_row el_id=\"\u00bfC\u00f3mo es que la diabetes puede da\u00f1ar los dientes y las enc\u00edas\"][vc_column width=\"1\/2\"][vc_column_text css_animation=\"top-to-bottom\"]<\/p>\n<h4>Todas las personas pueden tener problemas en los dientes y las enc\u00edas. Sobre los dientes se acumula una pel\u00edcula<br \/>\npegajosa llena de microbios que se llama placa. Los niveles altos de glucosa en la sangre contribuyen al crecimiento de estos microbios (bacterias). Como resultado de esto, las enc\u00edas se pueden poner rojas, doloridas e hinchadas y sangrar cuando se cepilla los dientes.<\/h4>\n<h4>Las personas con diabetes pueden tener problemas en los dientes y las enc\u00edas con m\u00e1s frecuencia si sus niveles de glucosa en la sangre permanecen altos. Los niveles altos de glucosa en la sangre pueden hacer que los problemas de los dientes y las enc\u00edas empeoren. Los dientes incluso pueden caerse.<\/h4>\n<h4>Fumar aumenta la probabilidad de sufrir problemas graves en las enc\u00edas, especialmente si padece diabetes y tiene 45 a\u00f1os de edad o m\u00e1s.<br \/>\nLos primeros signos de estos problemas son enrojecimiento, dolor y sangrado en las enc\u00edas, que pueden provocar periodontitis. La periodontitis es una infecci\u00f3n en las enc\u00edas y en el hueso que sujeta a los dientes en su lugar. Si la infecci\u00f3n empeora, las enc\u00edas pueden separarse de los dientes, haci\u00e9ndolos parecer m\u00e1s largos.<\/h4>\n<p>[\/vc_column_text][\/vc_column][vc_column width=\"1\/2\"][vc_column_text css_animation=\"top-to-bottom\"]<\/p>\n<h4>[Si piensa que tiene problemas de los dientes o las enc\u00edas, llame al dentista.<br \/>\nRev\u00edsese los dientes y las enc\u00edas para ver si hay signos de los problemas causados por la diabetes.]<\/h4>\n<p>[\/vc_column_text][vc_single_image image=\"499\" img_size=\"392 x 219\" style=\"vc_box_shadow_3d\" css_animation=\"top-to-bottom\"][\/vc_column][\/vc_row][vc_row][vc_column][vc_empty_space height=\"16\"][vc_separator border_width=\"2\" el_width=\"70\"][vc_empty_space height=\"16\"][vc_column_text]<\/p>\n<h4><strong>\u00bfC\u00f3mo es que la diabetes puede da\u00f1ar los dientes y las enc\u00edas?<\/strong><\/h4>\n<p>[\/vc_column_text][\/vc_column][\/vc_row][vc_row el_id=\"\u00bfC\u00f3mo es que la diabetes puede da\u00f1ar los dientes y las enc\u00edas?\"][vc_column width=\"1\/2\"][vc_column_text css_animation=\"top-to-bottom\"]<\/p>\n<h4>Si tiene uno o m\u00e1s de los siguientes problemas, es posible que tenga da\u00f1o en los dientes y las enc\u00edas causado por la diabetes:<br \/>\nenc\u00edas rojas, doloridas e hinchadas<br \/>\nsangrado en las enc\u00edas<br \/>\nenc\u00edas que se separan de los dientes, haci\u00e9ndolos parecer m\u00e1s largos<br \/>\ndientes flojos o sensibles<br \/>\nmal aliento<br \/>\nmordida que se siente distinta<br \/>\ndentaduras postizas que no le quedan bien<\/h4>\n<p>[\/vc_column_text][\/vc_column][vc_column width=\"1\/2\"][vc_single_image image=\"501\" img_size=\"392 x 219\" style=\"vc_box_shadow_3d\" css_animation=\"top-to-bottom\"][\/vc_column][\/vc_row][vc_row][vc_column][vc_empty_space height=\"16\"][vc_separator border_width=\"2\" el_width=\"70\"][vc_empty_space height=\"16\"][vc_column_text]<\/p>\n<h4><strong>\u00bfC\u00f3mo puedo cuidarme los dientes y las enc\u00edas?<\/strong><\/h4>\n<p>[\/vc_column_text][\/vc_column][\/vc_row][vc_row el_id=\"\u00bfC\u00f3mo puedo cuidarme los dientes y las enc\u00edas?\"][vc_column width=\"1\/2\"][vc_column_text css_animation=\"top-to-bottom\"]<\/p>\n<h4>Mantenga la glucosa en la sangre lo m\u00e1s cerca posible de lo normal.<\/h4>\n<h4>Use hilo dental por lo menos una vez al d\u00eda. El uso de hilo dental ayuda a prevenir la acumulaci\u00f3n de placa sobre los dientes. La placa puede endurecerse y crecer debajo de las enc\u00edas y causar problemas. Use un movimiento de vaiv\u00e9n y pase suavemente el hilo dental entre los dientes, jal\u00e1ndola de abajo a arriba varias veces.<\/h4>\n<h4>Cep\u00edllese los dientes despu\u00e9s de cada comida o merienda. Use un cepillo de cerdas suaves. Gire las cerdas para que toquen la zona donde empieza la enc\u00eda y cepille suavemente. Use peque\u00f1os movimientos circulares. Cepille el frente, la parte de atr\u00e1s y la parte de arriba de cada diente<br \/>\nCada d\u00eda, cep\u00edllese los dientes y las enc\u00edas y use hilo dental<br \/>\nSi tiene dentaduras postizas, mant\u00e9ngalas limpias.<br \/>\nPida al profesional dental que le limpia los dientes que le ense\u00f1e la mejor manera de cepillarse los dientes y las enc\u00edas y usar hilo dental. Preg\u00fantele cu\u00e1l es el mejor cepillo y pasta dental para usted.<br \/>\nSi piensa que tiene problemas de los dientes o las enc\u00edas, llame al dentista inmediatamente.<\/h4>\n<h4>Llame al dentista si sus enc\u00edas est\u00e1n rojas o doloridas o si sangran; si las enc\u00edas se est\u00e1n desprendiendo de los dientes; si le duele alg\u00fan diente y podr\u00eda estar infectado; o si siente dolor a causa de sus dentaduras postizas.<br \/>\nAcuda al dentista dos veces al a\u00f1o para que le revise los dientes y las enc\u00edas y para que le haga una limpieza.<br \/>\nSi el dentista le dice que hay alg\u00fan problema, ati\u00e9ndase inmediatamente.<\/h4>\n<p>[\/vc_column_text][\/vc_column][vc_column width=\"1\/2\"][vc_column_text]<\/p>\n<h4>Aseg\u00farese de informar al dentista que usted tiene diabetes.<br \/>\nSi usted fuma, hable con el m\u00e9dico sobre lo que puede hacer para dejar de fumar.<\/h4>\n<p>[\/vc_column_text][vc_single_image image=\"502\" img_size=\"392 x 219\" style=\"vc_box_shadow_3d\" css_animation=\"top-to-bottom\"][vc_single_image image=\"503\" img_size=\"392 x 219\" style=\"vc_box_shadow_3d\" css_animation=\"top-to-bottom\"][\/vc_column][\/vc_row][vc_row][vc_column][vc_empty_space height=\"16\"][vc_separator border_width=\"2\" el_width=\"70\"][vc_empty_space height=\"16\"][vc_column_text]<\/p>\n<h3><strong>\u00bfC\u00f3mo puedo cuidarme los dientes y las enc\u00edas?<\/strong><\/h3>\n<p>[\/vc_column_text][\/vc_column][\/vc_row][vc_row][vc_column width=\"1\/2\"][vc_column_text css_animation=\"top-to-bottom\"]<\/p>\n<h4>Mantenga la glucosa en la sangre lo m\u00e1s cerca posible de lo normal.<br \/>\nUse hilo dental por lo menos una vez al d\u00eda. El uso de hilo dental ayuda a prevenir la acumulaci\u00f3n de placa sobre los dientes. La placa puede endurecerse y crecer debajo de las enc\u00edas y causar problemas. Use un movimiento de vaiv\u00e9n y pase suavemente el hilo dental entre los dientes, jal\u00e1ndola de abajo a arriba varias veces.<br \/>\nCep\u00edllese los dientes despu\u00e9s de cada comida o merienda. Use un cepillo de cerdas suaves. Gire las cerdas para que toquen la zona donde empieza la enc\u00eda y cepille suavemente. Use peque\u00f1os movimientos circulares. Cepille el frente, la parte de atr\u00e1s y la parte de arriba de cada diente<br \/>\nCada d\u00eda, cep\u00edllese los dientes y las enc\u00edas y use hilo dental<br \/>\nSi tiene dentaduras postizas, mant\u00e9ngalas limpias.<br \/>\nPida al profesional dental que le limpia los dientes que le ense\u00f1e la mejor manera de cepillarse los dientes y las enc\u00edas y usar hilo dental. Preg\u00fantele cu\u00e1l es el mejor cepillo y pasta dental para usted.<br \/>\nSi piensa que tiene problemas de los dientes o las enc\u00edas, llame al dentista inmediatamente.<br \/>\nLlame al dentista si sus enc\u00edas est\u00e1n rojas o doloridas o si sangran; si las enc\u00edas se est\u00e1n desprendiendo de los dientes; si le duele alg\u00fan diente y podr\u00eda estar infectado; o si siente dolor a causa de sus dentaduras postizas.<br \/>\nAcuda al dentista dos veces al a\u00f1o para que le revise los dientes y las enc\u00edas y para que le haga una limpieza.<br \/>\nSi el dentista le dice que hay alg\u00fan problema, ati\u00e9ndase inmediatamente.<br \/>\nAseg\u00farese de informar al dentista que usted tiene diabetes.<br \/>\nSi usted fuma, hable con el m\u00e9dico sobre lo que puede hacer para dejar de fumar.<\/h4>\n<p>[\/vc_column_text][\/vc_column][vc_column width=\"1\/2\"][vc_column_text css_animation=\"top-to-bottom\"]<\/p>\n<h4>Acuda al dentista dos veces al a\u00f1o para que le revise los dientes y las enc\u00edas y para que le haga una limpieza.<br \/>\nSi el dentista le dice que hay alg\u00fan problema, ati\u00e9ndase inmediatamente.<br \/>\nAseg\u00farese de informar al dentista que usted tiene diabetes.<br \/>\nSi usted fuma, hable con el m\u00e9dico sobre lo que puede hacer para dejar de fumar.<br \/>\nAcuda al dentista dos veces al a\u00f1o para que le revisen y limpien los dientes.<br \/>\nPlanee de antemano. Es posible que tome un medicamento para la diabetes que baje demasiado sus niveles de glucosa en la sangre. Hipoglucemia es el t\u00e9rmino m\u00e9dico que se usa para referirse a los niveles de glucosa en la sangre muy bajos. En este caso, hable con el m\u00e9dico y el dentista antes de acudir a sus citas sobre qu\u00e9 debe hacer para controlar su nivel de glucosa en la sangre durante las citas. Es posible que sea necesario llevar consigo alg\u00fan alimento y medicamento para la diabetes al consultorio del dentista.<br \/>\nSi la boca le causa dolor despu\u00e9s del tratamiento dental, tal vez no pueda comer ni masticar por unas cuantas horas o d\u00edas. Para saber c\u00f3mo modifi car su rutina diaria mientras la boca est\u00e1 sanando, pregunte al m\u00e9dico cu\u00e1les son los alimentos y bebidas que usted debe tomar<br \/>\n- c\u00f3mo debe cambiar sus medicamentos para la diabetes<br \/>\n- con qu\u00e9 frecuencia debe medirse el nivel de glucosa en la sangre<\/h4>\n<p>[\/vc_column_text][vc_single_image image=\"505\" img_size=\"392 x 219\" style=\"vc_box_shadow_3d\" css_animation=\"top-to-bottom\"][\/vc_column][\/vc_row][vc_row][vc_column][vc_empty_space height=\"128\"][\/vc_column][\/vc_row]<\/p>\n<\/div><\/div><\/div>","protected":false},"excerpt":{"rendered":"<p>[vc_row][vc_column][vc_empty_space height=\"96\"][vc_column_text] Diabetes y \u00a0enfermedad periodontal [\/vc_column_text][vc_empty_space height=\"24\"][vc_column_text] \u00bfEn qu\u00e9 consisten los problemas de la diabetes? [\/vc_column_text][\/vc_column][\/vc_row][vc_row el_id=\"\u00bfEn qu\u00e9 consisten los problemas de la diabetes?\"][vc_column width=\"1\/2\"][vc_column_text<span class=\"excerpt-hellip\"> [\u2026]<\/span><\/p>\n","protected":false},"author":2,"featured_media":0,"parent":0,"menu_order":0,"comment_status":"closed","ping_status":"closed","template":"","meta":{"footnotes":""},"class_list":["post-488","page","type-page","status-publish","hentry"],"_links":{"self":[{"href":"https:\/\/periodoncia.com.ar\/2016\/wp-json\/wp\/v2\/pages\/488","targetHints":{"allow":["GET"]}}],"collection":[{"href":"https:\/\/periodoncia.com.ar\/2016\/wp-json\/wp\/v2\/pages"}],"about":[{"href":"https:\/\/periodoncia.com.ar\/2016\/wp-json\/wp\/v2\/types\/page"}],"author":[{"embeddable":true,"href":"https:\/\/periodoncia.com.ar\/2016\/wp-json\/wp\/v2\/users\/2"}],"replies":[{"embeddable":true,"href":"https:\/\/periodoncia.com.ar\/2016\/wp-json\/wp\/v2\/comments?post=488"}],"version-history":[{"count":26,"href":"https:\/\/periodoncia.com.ar\/2016\/wp-json\/wp\/v2\/pages\/488\/revisions"}],"predecessor-version":[{"id":851,"href":"https:\/\/periodoncia.com.ar\/2016\/wp-json\/wp\/v2\/pages\/488\/revisions\/851"}],"wp:attachment":[{"href":"https:\/\/periodoncia.com.ar\/2016\/wp-json\/wp\/v2\/media?parent=488"}],"curies":[{"name":"wp","href":"https:\/\/api.w.org\/{rel}","templated":true}]}}